{"id":554,"date":"2019-02-07T18:15:03","date_gmt":"2019-02-07T18:15:03","guid":{"rendered":"http:\/\/portal.cenfesac.org.mx\/?page_id=7"},"modified":"2019-02-07T18:15:03","modified_gmt":"2019-02-07T18:15:03","slug":"inicio","status":"publish","type":"page","link":"https:\/\/www.cenfesac.org.mx\/index.php\/inicio\/","title":{"rendered":"Inicio"},"content":{"rendered":"<p>\t\t\t\t[et_pb_section fb_built=&#8221;1&#8243; admin_label=&#8221;section&#8221; _builder_version=&#8221;3.12.2&#8243; background_color=&#8221;rgba(0,0,0,0.44)&#8221; custom_padding=&#8221;25px|0px|52px|0px|false|false&#8221;][et_pb_row _builder_version=&#8221;3.12.2&#8243;][et_pb_column type=&#8221;4_4&#8243; _builder_version=&#8221;3.12.2&#8243; parallax=&#8221;off&#8221; parallax_method=&#8221;on&#8221;][et_pb_image src=&#8221;http:\/\/www.cenfesac.org.mx\/wp-content\/uploads\/2019\/10\/pasos-para-B_redes.jpg&#8221; _builder_version=&#8221;3.12.2&#8243; animation_style=&#8221;fade&#8221; animation_duration=&#8221;2000ms&#8221;][\/et_pb_image][et_pb_text _builder_version=&#8221;3.12.2&#8243;]<\/p>\n<p><span style=\"color: #000000;\">Your content goes here. Edit or remove this text inline or in the module Content settings. You\u00a0<\/span><\/p>\n<p>[\/et_pb_text][\/et_pb_column][\/et_pb_row][\/et_pb_section][et_pb_section fb_built=&#8221;1&#8243; _builder_version=&#8221;3.12.2&#8243; background_image=&#8221;http:\/\/www.cenfesac.org.mx\/wp-content\/uploads\/2019\/05\/fondo.jpg&#8221; parallax=&#8221;on&#8221; custom_padding=&#8221;7px|0px|47px|0px|false|false&#8221; filter_hue_rotate=&#8221;123deg&#8221; filter_saturate=&#8221;0%&#8221; filter_brightness=&#8221;140%&#8221; filter_contrast=&#8221;168%&#8221; global_module=&#8221;1000&#8243; saved_tabs=&#8221;all&#8221;][et_pb_row _builder_version=&#8221;3.12.2&#8243;][et_pb_column type=&#8221;2_3&#8243; _builder_version=&#8221;3.12.2&#8243; parallax=&#8221;off&#8221; parallax_method=&#8221;on&#8221;][et_pb_text _builder_version=&#8221;3.12.2&#8243;]<\/p>\n<p>&nbsp;<\/p>\n<p>&nbsp;<\/p>\n<p>&nbsp;<\/p>\n<p>&nbsp;<\/p>\n<p>&nbsp;<\/p>\n<p style=\"text-align: center;\"><span style=\"color: #ffffff; font-size: xx-large;\"><strong>Visi\u00f3n<\/strong><\/span><\/p>\n<p style=\"text-align: center;\"><span style=\"color: #ffffff;\">Ser la organizaci\u00f3n que transforme e incida en elevar la calidad del servicio de transporte p\u00fablico y la movilidad en la ciudad de M\u00e9xico, con una perspectiva de seguridad y sustentabilidad.<\/span><\/p>\n<p>[\/et_pb_text][\/et_pb_column][et_pb_column type=&#8221;1_3&#8243; _builder_version=&#8221;3.12.2&#8243; parallax=&#8221;off&#8221; parallax_method=&#8221;on&#8221;][et_pb_text _builder_version=&#8221;3.12.2&#8243;]<\/p>\n<p>&nbsp;<\/p>\n<p style=\"text-align: center;\"><span style=\"font-size: xx-large;\"><strong><span style=\"color: #ffffff;\">Misi\u00f3n<\/span><\/strong><\/span><\/p>\n<p style=\"text-align: center;\"><span style=\"color: #ffffff;\">Tiene como misi\u00f3n la profesionalizaci\u00f3n y dignificaci\u00f3n de las condiciones de trabajo de los operarios\/as del transporte p\u00fablico de la <strong>Ciudad de M\u00e9xico<\/strong>, a trav\u00e9s de un innovador programa integral que incluye promoci\u00f3n a la salud, capacitaci\u00f3n y formaci\u00f3n continua y desarrollo de habilidades y pericia de manejo, coadyuvando as\u00ed a mejorar el transporte p\u00fablico de la <strong>Ciudad de M\u00e9xico.<\/strong><\/span><\/p>\n<p>[\/et_pb_text][\/et_pb_column][\/et_pb_row][\/et_pb_section][et_pb_section fb_built=&#8221;1&#8243; _builder_version=&#8221;3.12.2&#8243; custom_padding=&#8221;33px|0px|0|0px|false|false&#8221;][et_pb_row _builder_version=&#8221;3.12.2&#8243;][et_pb_column type=&#8221;4_4&#8243; _builder_version=&#8221;3.12.2&#8243; parallax=&#8221;off&#8221; parallax_method=&#8221;on&#8221;][et_pb_text _builder_version=&#8221;3.12.2&#8243;]<\/p>\n<p style=\"text-align: justify;\"><span>Este es un espacio de vinculaci\u00f3n de orientaci\u00f3n en materia de normatividad de transporte de pasajeros y carga de la Ciudad de M\u00e9xico, as\u00ed como sobre procedimientos con autoridades como SEMOVI, INVEA, SSC, SEDEMA y otras relacionadas con tu trabajo.<\/span><\/p>\n<p style=\"text-align: justify;\"><span>En <strong>CENFES A.C.,<\/strong> nos hemos propuesto desarrollar actividades educativas y culturales para lograr la profesionalizaci\u00f3n y dignificaci\u00f3n del Operario\/a del transporte p\u00fablico, a trav\u00e9s de su formaci\u00f3n integral. Estamos convencidos que estas acciones contribuir\u00e1n a su desarrollo, tanto en el \u00e1mbito laboral como personal, y que ello repercutir\u00e1 en el mejoramiento del servicio de transporte p\u00fablico en beneficio de quienes habitamos en esta gran urbe. Queremos asegurarnos que los m\u00e1s de 22 millones de viajes que se realizan diariamente en la Zona Metropolitana de la CDMX, sean eficientes, seguros, respetuosos y de calidad. <\/span><\/p>\n<p style=\"text-align: justify;\"><span><\/span><\/p>\n<p>[\/et_pb_text][\/et_pb_column][\/et_pb_row][\/et_pb_section][et_pb_section fb_built=&#8221;1&#8243; _builder_version=&#8221;3.12.2&#8243; background_image=&#8221;http:\/\/www.cenfesac.org.mx\/wp-content\/uploads\/2019\/05\/operario1.jpg&#8221; parallax=&#8221;on&#8221; custom_padding=&#8221;5px|0px|13px|0px|false|false&#8221;][et_pb_row custom_padding=&#8221;0|0px|0px|0px|false|false&#8221; _builder_version=&#8221;3.12.2&#8243;][et_pb_column type=&#8221;4_4&#8243; _builder_version=&#8221;3.12.2&#8243; parallax=&#8221;off&#8221; parallax_method=&#8221;on&#8221;][et_pb_text _builder_version=&#8221;3.12.2&#8243;][\/et_pb_text][et_pb_text _builder_version=&#8221;3.12.2&#8243; text_font=&#8221;|700|||||||&#8221; text_letter_spacing=&#8221;3px&#8221; header_font=&#8221;||||||||&#8221; header_font_size=&#8221;35px&#8221; text_orientation=&#8221;center&#8221; custom_margin=&#8221;0px|||-41px&#8221; animation_style=&#8221;zoom&#8221; animation_duration=&#8221;1800ms&#8221;]<\/p>\n<p><span style=\"font-size: x-large;\"><strong><span style=\"color: #ffffff;\">Objetivo General<\/span><\/strong><\/span><\/p>\n<p><span style=\"color: #ffffff; font-size: x-large;\">Desarrollar programas educativos y culturales que apoyen la formaci\u00f3n integral, en materia de salud, habilidades de manejo y capacitaci\u00f3n permanente de los y las operarias del transporte p\u00fablico de la ciudad de M\u00e9xico.<\/span><\/p>\n<p>[\/et_pb_text][\/et_pb_column][\/et_pb_row][et_pb_row custom_padding=&#8221;72px|0px|0px|0px|false|false&#8221; _builder_version=&#8221;3.12.2&#8243;][et_pb_column type=&#8221;4_4&#8243; _builder_version=&#8221;3.12.2&#8243; parallax=&#8221;off&#8221; parallax_method=&#8221;on&#8221;][et_pb_cta title=&#8221;CENFES A.C.&#8221; button_text=&#8221;Click Here&#8221; _builder_version=&#8221;3.12.2&#8243; background_color=&#8221;#a80000&#8243; custom_button=&#8221;on&#8221; button_text_size=&#8221;21px&#8221; button_border_width=&#8221;18px&#8221; button_font=&#8221;||||||||&#8221; filter_hue_rotate=&#8221;359deg&#8221; filter_saturate=&#8221;98%&#8221; filter_contrast=&#8221;116%&#8221; filter_opacity=&#8221;67%&#8221; animation_style=&#8221;fade&#8221; animation_duration=&#8221;1900ms&#8221;]<\/p>\n<p style=\"text-align: justify;\">La experiencia adquirida por el equipo CENFES nos ha permitido adecuar nuestros servicios a diversos sectores del transporte. Es por ello que actualmente no s\u00f3lo se atiende a operarios\/as del transporte p\u00fablico de pasajeros, carga, escolar y especializado, sino que se tiene la capacidad para atender a sectores espec\u00edficos como los ciclo taxis del centro hist\u00f3rico de la ciudad de M\u00e9xico y las mujeres taxistas, entre otros.<\/p>\n<p>&nbsp;<\/p>\n<p style=\"text-align: justify;\">Atendiendo a las necesidades de nuestros usuarios, cabe destacar que permanentemente ofrecemos pl\u00e1ticas y talleres en temas relevantes como: turismo, patrimonio hist\u00f3rico y cultural de la ciudad de M\u00e9xico, desarrollo humano, salud laboral, medio ambiente y sustentabilidad, equidad entre los g\u00e9neros, adicciones, protecci\u00f3n civil y primeros auxilios y otros muchos encaminados a la formaci\u00f3n integral y mejora en la calidad de vida de las y los operarios.<\/p>\n<p style=\"text-align: left;\"><a href=\"http:\/\/www.cenfesac.org.mx\/index.php\/2020-2\/\" style=\"font-size: x-small; text-align: justify;\">Datos Abiertos<\/a><\/p>\n<p>[\/et_pb_cta][\/et_pb_column][\/et_pb_row][\/et_pb_section]\t\t<\/p>\n","protected":false},"excerpt":{"rendered":"<p>[et_pb_section fb_built=&#8221;1&#8243; admin_label=&#8221;section&#8221; _builder_version=&#8221;3.12.2&#8243; background_color=&#8221;rgba(0,0,0,0.44)&#8221; custom_padding=&#8221;25px|0px|52px|0px|false|false&#8221;][et_pb_row _builder_version=&#8221;3.12.2&#8243;][et_pb_column type=&#8221;4_4&#8243; _builder_version=&#8221;3.12.2&#8243; parallax=&#8221;off&#8221; parallax_method=&#8221;on&#8221;][et_pb_image src=&#8221;http:\/\/www.cenfesac.org.mx\/wp-content\/uploads\/2019\/10\/pasos-para-B_redes.jpg&#8221; _builder_version=&#8221;3.12.2&#8243; animation_style=&#8221;fade&#8221; animation_duration=&#8221;2000ms&#8221;][\/et_pb_image][et_pb_text _builder_version=&#8221;3.12.2&#8243;] Your content goes here. Edit or remove this text inline or in the module Content settings. You\u00a0 [\/et_pb_text][\/et_pb_column][\/et_pb_row][\/et_pb_section][et_pb_section fb_built=&#8221;1&#8243; _builder_version=&#8221;3.12.2&#8243; background_image=&#8221;http:\/\/www.cenfesac.org.mx\/wp-content\/uploads\/2019\/05\/fondo.jpg&#8221; parallax=&#8221;on&#8221; custom_padding=&#8221;7px|0px|47px|0px|false|false&#8221; filter_hue_rotate=&#8221;123deg&#8221; filter_saturate=&#8221;0%&#8221; filter_brightness=&#8221;140%&#8221; filter_contrast=&#8221;168%&#8221; global_module=&#8221;1000&#8243; saved_tabs=&#8221;all&#8221;][et_pb_row _builder_version=&#8221;3.12.2&#8243;][et_pb_column type=&#8221;2_3&#8243; _builder_version=&#8221;3.12.2&#8243; parallax=&#8221;off&#8221; parallax_method=&#8221;on&#8221;][et_pb_text _builder_version=&#8221;3.12.2&#8243;] &nbsp; &nbsp; &nbsp; &nbsp; [&hellip;]<\/p>\n","protected":false},"author":1,"featured_media":0,"parent":0,"menu_order":0,"comment_status":"closed","ping_status":"closed","template":"","meta":{"_et_pb_use_builder":"on","_et_pb_old_content":"","_et_gb_content_width":"","footnotes":""},"jetpack_sharing_enabled":true,"_links":{"self":[{"href":"https:\/\/www.cenfesac.org.mx\/index.php\/wp-json\/wp\/v2\/pages\/554"}],"collection":[{"href":"https:\/\/www.cenfesac.org.mx\/index.php\/wp-json\/wp\/v2\/pages"}],"about":[{"href":"https:\/\/www.cenfesac.org.mx\/index.php\/wp-json\/wp\/v2\/types\/page"}],"author":[{"embeddable":true,"href":"https:\/\/www.cenfesac.org.mx\/index.php\/wp-json\/wp\/v2\/users\/1"}],"replies":[{"embeddable":true,"href":"https:\/\/www.cenfesac.org.mx\/index.php\/wp-json\/wp\/v2\/comments?post=554"}],"version-history":[{"count":0,"href":"https:\/\/www.cenfesac.org.mx\/index.php\/wp-json\/wp\/v2\/pages\/554\/revisions"}],"wp:attachment":[{"href":"https:\/\/www.cenfesac.org.mx\/index.php\/wp-json\/wp\/v2\/media?parent=554"}],"curies":[{"name":"wp","href":"https:\/\/api.w.org\/{rel}","templated":true}]}}